{"id":72,"date":"2018-08-10T18:38:26","date_gmt":"2018-08-10T16:38:26","guid":{"rendered":"http:\/\/www.ibim.pw.edu.pl\/?page_id=72"},"modified":"2019-06-14T16:12:06","modified_gmt":"2019-06-14T14:12:06","slug":"system-obslugi-studiow","status":"publish","type":"page","link":"https:\/\/www.ibim.pw.edu.pl\/?page_id=72","title":{"rendered":"System obs\u0142ugi studi\u00f3w"},"content":{"rendered":"<p>W organizacji toku studi\u00f3w wykorzystujemy system Moodle, w kt\u00f3rym znajdziecie Pa\u0144stwo pe\u0142ny program studi\u00f3w z podzia\u0142em na przedmioty, tematyk\u0119, zadania i materia\u0142y.<\/p>\n<blockquote><p><a href=\"https:\/\/www2.arch.pw.edu.pl\/course\/index.php?categoryid=48\" target=\"_blank\" rel=\"noopener\">Link do systemu dost\u0119pny dla s\u0142uchaczy SP iBIM.<\/a><\/p><\/blockquote>\n","protected":false},"excerpt":{"rendered":"<p>W organizacji toku studi\u00f3w wykorzystujemy system Moodle, w kt\u00f3rym znajdziecie Pa\u0144stwo pe\u0142ny program studi\u00f3w z podzia\u0142em na przedmioty, tematyk\u0119, zadania i materia\u0142y. Link do systemu dost\u0119pny dla s\u0142uchaczy SP iBIM.<\/p>\n","protected":false},"author":3,"featured_media":0,"parent":0,"menu_order":0,"comment_status":"closed","ping_status":"closed","template":"","meta":{"footnotes":""},"_links":{"self":[{"href":"https:\/\/www.ibim.pw.edu.pl\/index.php?rest_route=\/wp\/v2\/pages\/72"}],"collection":[{"href":"https:\/\/www.ibim.pw.edu.pl\/index.php?rest_route=\/wp\/v2\/pages"}],"about":[{"href":"https:\/\/www.ibim.pw.edu.pl\/index.php?rest_route=\/wp\/v2\/types\/page"}],"author":[{"embeddable":true,"href":"https:\/\/www.ibim.pw.edu.pl\/index.php?rest_route=\/wp\/v2\/users\/3"}],"replies":[{"embeddable":true,"href":"https:\/\/www.ibim.pw.edu.pl\/index.php?rest_route=%2Fwp%2Fv2%2Fcomments&post=72"}],"version-history":[{"count":6,"href":"https:\/\/www.ibim.pw.edu.pl\/index.php?rest_route=\/wp\/v2\/pages\/72\/revisions"}],"predecessor-version":[{"id":335,"href":"https:\/\/www.ibim.pw.edu.pl\/index.php?rest_route=\/wp\/v2\/pages\/72\/revisions\/335"}],"wp:attachment":[{"href":"https:\/\/www.ibim.pw.edu.pl\/index.php?rest_route=%2Fwp%2Fv2%2Fmedia&parent=72"}],"curies":[{"name":"wp","href":"https:\/\/api.w.org\/{rel}","templated":true}]}}