{"id":62,"date":"2018-08-10T18:14:31","date_gmt":"2018-08-10T16:14:31","guid":{"rendered":"http:\/\/www.ibim.pw.edu.pl\/?page_id=62"},"modified":"2024-08-19T12:16:11","modified_gmt":"2024-08-19T10:16:11","slug":"dane-kontaktowe","status":"publish","type":"page","link":"https:\/\/www.ibim.pw.edu.pl\/?page_id=62","title":{"rendered":"Dane kontaktowe"},"content":{"rendered":"<h3>interdyscyplinarny BIM &#8211; studia podyplomowe mi\u0119dzywydzia\u0142owe<\/h3>\n<h3>Wydzia\u0142 wiod\u0105cy:<\/h3>\n<blockquote><p>Wydzia\u0142 In\u017cynierii L\u0105dowej Politechniki Warszawskiej<br \/>\n<span class=\"section-info-text\"><span class=\"widget-pane-link\">Al. Armii Ludowej 16, 00-637 Warszawa<\/span><\/span><\/p><\/blockquote>\n<h3>Wydzia\u0142 wsp\u00f3\u0142pracuj\u0105cy:<\/h3>\n<blockquote><p>Wydzia\u0142 Architektury Politechniki Warszawskiej<br \/>\nul Koszykowa 55, 02-130 Warszawa<\/p><\/blockquote>\n<h3>Kontakt w poszczeg\u00f3lnych sprawach:<\/h3>\n<h3>Rekrutacja:<\/h3>\n<p><strong>mgr Dorota Duszy\u0144ska<br \/>\n<\/strong><em>tel.: 22 234 6291<br \/>\ndorota.duszynska@pw.edu.pl<br \/>\n<\/em><em>Gmach WIL PW, pok. 114 lub 105<br \/>\n<\/em><\/p>\n<h3>Informacje:<\/h3>\n<p>dr in\u017c. Ireneusz Czmoch<br \/>\ndr in\u017c. arch. Pawe\u0142 Przyby\u0142owicz<br \/>\n<em>sp.ibim@pw.edu.pl<\/em><\/p>\n","protected":false},"excerpt":{"rendered":"<p>interdyscyplinarny BIM &#8211; studia podyplomowe mi\u0119dzywydzia\u0142owe Wydzia\u0142 wiod\u0105cy: Wydzia\u0142 In\u017cynierii L\u0105dowej Politechniki Warszawskiej Al. Armii Ludowej 16, 00-637 Warszawa Wydzia\u0142 wsp\u00f3\u0142pracuj\u0105cy: Wydzia\u0142 Architektury Politechniki Warszawskiej ul Koszykowa 55, 02-130 Warszawa Kontakt w poszczeg\u00f3lnych sprawach: Rekrutacja: mgr Dorota Duszy\u0144ska tel.: 22 234 6291 dorota.duszynska@pw.edu.pl Gmach WIL PW, pok. 114 lub 105 Informacje: dr in\u017c. Ireneusz Czmoch &hellip; <a href=\"https:\/\/www.ibim.pw.edu.pl\/?page_id=62\" class=\"more-link\">Czytaj dalej <span class=\"screen-reader-text\">Dane kontaktowe<\/span> <span class=\"meta-nav\">&rarr;<\/span><\/a><\/p>\n","protected":false},"author":3,"featured_media":0,"parent":0,"menu_order":0,"comment_status":"closed","ping_status":"closed","template":"","meta":{"footnotes":""},"_links":{"self":[{"href":"https:\/\/www.ibim.pw.edu.pl\/index.php?rest_route=\/wp\/v2\/pages\/62"}],"collection":[{"href":"https:\/\/www.ibim.pw.edu.pl\/index.php?rest_route=\/wp\/v2\/pages"}],"about":[{"href":"https:\/\/www.ibim.pw.edu.pl\/index.php?rest_route=\/wp\/v2\/types\/page"}],"author":[{"embeddable":true,"href":"https:\/\/www.ibim.pw.edu.pl\/index.php?rest_route=\/wp\/v2\/users\/3"}],"replies":[{"embeddable":true,"href":"https:\/\/www.ibim.pw.edu.pl\/index.php?rest_route=%2Fwp%2Fv2%2Fcomments&post=62"}],"version-history":[{"count":12,"href":"https:\/\/www.ibim.pw.edu.pl\/index.php?rest_route=\/wp\/v2\/pages\/62\/revisions"}],"predecessor-version":[{"id":514,"href":"https:\/\/www.ibim.pw.edu.pl\/index.php?rest_route=\/wp\/v2\/pages\/62\/revisions\/514"}],"wp:attachment":[{"href":"https:\/\/www.ibim.pw.edu.pl\/index.php?rest_route=%2Fwp%2Fv2%2Fmedia&parent=62"}],"curies":[{"name":"wp","href":"https:\/\/api.w.org\/{rel}","templated":true}]}}