{"id":258,"date":"2019-03-03T18:05:32","date_gmt":"2019-03-03T17:05:32","guid":{"rendered":"https:\/\/www.ibim.pw.edu.pl\/?page_id=258"},"modified":"2024-08-22T13:04:19","modified_gmt":"2024-08-22T11:04:19","slug":"prowadzacy-zajecia","status":"publish","type":"page","link":"https:\/\/www.ibim.pw.edu.pl\/?page_id=258","title":{"rendered":"Prowadz\u0105cy zaj\u0119cia na mi\u0119dzywydzia\u0142owych studiach podyplomowych iBIM"},"content":{"rendered":"<h3>mgr in\u017c. arch. Edyta Andrejczyk<\/h3>\n<p>Architekt z 19 letnim do\u015bwiadczeniem zawodowym m.in. jako projektant i kierownik zespo\u0142u projektowego w wielobran\u017cowym biurze projektowym realizuj\u0105cym projekty obiekt\u00f3w przemys\u0142owych, biurowych, handlowych, sportowych, s\u0142u\u017cby zdrowia, wojskowych, szkolnych, badawczych i laboratoryjnych oraz mieszkalnych.<\/p>\n<p>Od 2015 r. przygotowuje i nadzoruje inwestycje z ramienia inwestora. Odpowiedzialna (w latach 2016-2019) za przygotowanie nowej inwestycji Centrum Nauki Kopernik &#8211; Pracowni Przewrotu Kopernika\u0144skiego. Przygotowa\u0142a wytyczne do konfiguracji i wdro\u017cenia platformy chmurowej do zarz\u0105dzania projektem (Common Data Environment). By\u0142a autorem zapis\u00f3w merytorycznych dot. m.in. technologii BIM w dokumentach konkursowych, umowach, przedmiotach zam\u00f3wienia. Opracowa\u0142a i wdro\u017cy\u0142a standardy wsp\u00f3\u0142pracy mi\u0119dzy projektantem, a inwestorem oparte na modelu BIM (z doborem oprogramowania po stronie inwestora). Absolwentka studi\u00f3w podyplomowych na AGH &#8222;BIM \u2013 modelowanie i zarz\u0105dzanie informacj\u0105 o obiektach, infrastrukturze i procesach budowlanych&#8221;. Teoretyczne wiadomo\u015bci zdoby\u0142a na studiach i certyfikowanych szkoleniach takich jak: BIM &#8211; Building Information Modeling\/Autodesk REVIT, Navisworks, MS Project, Bimestimate, Archicad, Solibri. W czasie wolnym wykorzystuje oprogramowanie Rhino i eksploruje mo\u017cliwo\u015bci druku 3D przy realizacji ma\u0142ych form bi\u017cuteryjnych, czyli projekt\u00f3w o mniejszej skali, ale r\u00f3wnie wymagaj\u0105cych i fascynuj\u0105cych jak architektura.<\/p>\n<h3>in\u017c. Daniel Ba\u0142abaniak<\/h3>\n<p>Associate Technician, Office BIM Leader w Buro Happold Warszawa. 13 lat do\u015bwiadczenia w projektowaniu instalacji, w tym blisko 10 w technologii BIM: od koordynacji po funkcj\u0119 BIM Managera. Praktyk w zakresie tworzenia standard\u00f3w, implementacji oraz zarz\u0105dzania modelami i procesami.<\/p>\n<h3>mgr in\u017c. Pawe\u0142 Baran<\/h3>\n<p>Absolwent Politechniki Warszawskiej oraz TU Delft, in\u017cynier z wykszta\u0142cenia i programista z pasji. G\u0142\u00f3wny specjalista w zakresie automatyzacji projektowania in\u017cynierskiego w warszawskim oddziale Buro Happold Engineering. Ekspert i trener w zakresie<br \/>\nprogramowania wizualnego i parametrycznego, aktywny tw\u00f3rca proces\u00f3w i narz\u0119dzi wspomagaj\u0105cych projektowanie. Rozleg\u0142e do\u015bwiadczenie praktyczne, od R&amp;D po wielkoskalowe obiekty kubaturowe.<\/p>\n<h3>dr in\u017c. Piotr Bartkiewicz<\/h3>\n<p>Wyk\u0142adowca na Wydziale Instalacji Budowlanych, Hydrotechniki i In\u017cynierii \u015arodowiska Politechniki Warszawskiej. Partner w firmie Go4Energy. Od 20 lat zajmuje si\u0119 zagadnieniami praktycznego wykorzystania informacji o systemach budynkowych, w tym implementacji BIM na etapie projektowania, wykonawstwa i eksploatacji system\u00f3w HVACR (ogrzewania, wentylacji, klimatyzacji i ch\u0142odnictwa). Autor rozwi\u0105za\u0144 Big Data i GreenFM w systemach zarz\u0105dzania budynkami na etapie odbior\u00f3w i eksploatacji. W pracach podejmuje zagadnienia komputerowego wspomagania projektowania, system\u00f3w BIM, symulacji CFD, zu\u017cycia energii, modelowania budynk\u00f3w i system\u00f3w HVAC, proces\u00f3w daylighting\u2019u, komfortu u\u017cytkownik\u00f3w i jako\u015bci \u015brodowiska wewn\u0119trznego, zarz\u0105dzania projektami, certyfikacji budynk\u00f3w oraz analizami LCA i LCC. Koordynator ze strony WIBHiIS prac student\u00f3w z pi\u0119ciu wydzia\u0142\u00f3w PW w ramach mi\u0119dzywydzia\u0142owego projektu interdyscyplinarnego BIM (edycje mpiBIM w latach 2017-2023.<\/p>\n<h3>dr hab. in\u017c. S\u0142awomir Czarnecki<\/h3>\n<p>Adiunkt w Zak\u0142adzie Mechaniki Budowli i Zastosowa\u0144 Informatyki, Wydzia\u0142 In\u017cynierii L\u0105dowej Politechniki Warszawskiej. Koordynator i nauczyciel akademicki takich przedmiot\u00f3w jak: Informatyka 1 (wst\u0119p do programowania proceduralnego w Visual Basic, C++), Programowanie obiektowe (C++, Python), Programowanie wizualne (Dynamo), Metoda Element\u00f3w Sko\u0144czonych.<\/p>\n<h3>dr in\u017c. Ireneusz Czmoch<\/h3>\n<p>Adiunkt w Zak\u0142adzie Mechaniki Budowli i Zastosowa\u0144 Informatyki, Wydzia\u0142 In\u017cynierii L\u0105dowej Politechniki Warszawskiej. Pe\u0142nomocnik Dziekana WIL ds. BIM. Koordynator kilku przedmiot\u00f3w na studiach I i II stopnia, kt\u00f3rych zakres obejmuje integracj\u0119 projektowania architektonicznego i projektowania konstrukcyjnego oraz zastosowanie programowania wizualnego w projektowaniu. Promotor kilkunastu prac dyplomowych o tematyce BIM. Koordynator ze strony WIL prac student\u00f3w z pi\u0119ciu wydzia\u0142\u00f3w PW w ramach mi\u0119dzywydzia\u0142owego projektu interdyscyplinarnego BIM (edycje mpiBIM w latach 2017-2023).<\/p>\n<h3>dr in\u017c. arch. Emilia Dudzi\u0144ska<\/h3>\n<p>BIM Managerem, specjalizuj\u0105cy si\u0119 w projektowaniu przestrzeni biurowych. Posiada wieloletnie do\u015bwiadczenie w obs\u0142udze programu Revit. Cz\u0142onek stowarzyszenia buildingSMART Polska, gdzie anga\u017cuje si\u0119 w rozw\u00f3j i promocj\u0119 otwartych standard\u00f3w BIM. Dotychczasowe do\u015bwiadczenie zawodowe: Tetris (architekt prowadz\u0105cy), TRZOP Architekci (BIM Manager). Doktorantka na Wydziale Architektury Politechniki Warszawskiej. Programy i aplikacje: Revit, Dynamo, BIMcollab Zoom i Cloud, Twinmotion, 3ds Max (V-Ray, Corona), BIM Glue, platformy CDE, Notion (wiki, zarz\u0105dzanie projektami, wykresy Gantta), Power BI, Microsoft Office.<\/p>\n<h3>mgr in\u017c. arch. Zofia Feliksi\u0144ska-\u015awierz<\/h3>\n<p>Group BIM Director w HB Reavis, Bratys\u0142awa, S\u0142owacja.\u00a0\u00a0 Architekt i certyfikowany Project Manger (PMP)\u00ae z ponad 15-letnim do\u015bwiadczeniem zawodowym. W swojej karierze z sukcesem zrealizowa\u0142a szereg projekt\u00f3w BIM; od etapu projektowego w ARCHICAD (2003-2008), przez definiowanie standard\u00f3w, po dostarczanie BIM na etapie wykonawczym projekt\u00f3w budowlanych z pomoc\u0105 Revit (2009-2017). Prowadz\u0105c wielobran\u017cowe zespo\u0142y projektowe na Filipinach i w Zjednoczonych Emiratach Arabskich, by\u0142a zaanga\u017cowana w realizacj\u0119 wymagaj\u0105cych projekt\u00f3w z wykorzystaniem BIM, zar\u00f3wno ze strony g\u0142\u00f3wnego wykonawcy, projektanta i inwestora, w tym: szpitali, obiekt\u00f3w wystawienniczo edukacyjnych, budynk\u00f3w mieszkalnych jak r\u00f3wnie\u017c budynk\u00f3w biurowych. Obecnie odpowiedzialna za rozw\u00f3j standard\u00f3w i wdra\u017caniem strategii BIM w firmie developerskiej.<\/p>\n<h3>mgr in\u017c. arch. Jakub Franczuk<\/h3>\n<p>Architekt i nauczyciel akademicki na Wydziale Architektury Politechniki Warszawskiej. Wykorzystuje zagadnienia programowania wizualnego do wspomagania procesu analizy, modelowania, optymalizacji i dokumentacji BIM. Zajmuje si\u0119 praktycznym wykorzystaniem i tworzeniem narz\u0119dzi do automatyzacji procesu projektowego. Aplikuje je w projektach o r\u00f3\u017cnej skali, od obiekt\u00f3w wystawienniczych, przez projekty wielomieszkaniowe, po inwentaryzacj\u0119 i adaptacj\u0119 zabytk\u00f3w. W swojej pracy naukowej zajmuje si\u0119 zarz\u0105dzaniem informacj\u0105 w cyfrowych modelach obiekt\u00f3w historycznych &#8211; HBIM.<\/p>\n<h3>mgr in\u017c. \u0141ukasz Grobelny<\/h3>\n<p>Absolwent Wydzia\u0142u In\u017cynierii L\u0105dowej Politechniki Warszawskiej (specjalizacje: Budynki i budowle oraz Mosty i konstrukcje podziemne). Student studi\u00f3w doktoranckich na PW. 8-letnie do\u015bwiadczenie w zakresie projektowania konstrukcji \u017celbetowych kubaturowych\/most\u00f3w, w tym tworzenie dokumentacji technicznej oraz analizy wytrzyma\u0142o\u015bci element\u00f3w konstrukcji z zastosowaniem system\u00f3w BIM, modelowania 3D. Od trzech lat pracuje jako Asystent projektanta Mostowego\/ Koordynator BIM przy mi\u0119dzynarodowych projektach, odpowiedzialny za tworzenie dokumentacji technicznej (rysunki, obliczenia) i modelowanie konstrukcji 3D (REVIT, Tekla oraz programowanie wizualne Dynamo, Grasshopper itp.).<\/p>\n<h3>mgr in\u017c. Pawe\u0142 Hawryluk<\/h3>\n<p>Absolwent Wydzia\u0142u In\u017cynierii L\u0105dowej Politechniki Warszawskiej na specjalno\u015bci Budownictwo Zr\u00f3wnowa\u017cone. BIM\u00a0Manager z du\u017cy do\u015bwiadczeniem modelowo-projektowym, kt\u00f3re naby\u0142 pracuj\u0105c w biurze projektowym Rewitech Sp. z o.o. Odpowiedzialny za wdra\u017canie standard\u00f3w BIM w codziennej pracy projektowej biura oraz za szkolenia pracownik\u00f3w z zakresu BIM. W codziennej pracy, jako entuzjasta nowych technologii, stara si\u0119 budowa\u0107 przep\u0142yw informacji w oparciu o automatyzacj\u0119 i optymalizacj\u0119 proces\u00f3w z pomoc\u0105 m.in. projektowania obliczeniowego (computational design). Ponadto odpowiedzialny za koordynacj\u0119 mi\u0119dzybran\u017cowe i tworzenie modeli &#8222;as build&#8221; (w technologii &#8211; scan 2 BIM).<\/p>\n<h3>mgr in\u017c. Bartosz Jankowski<\/h3>\n<p>Uko\u0144czy\u0142: Wydzia\u0142 In\u017cynierii L\u0105dowej (Politechnika Warszawska), Finanse i Rachunkowo\u015b\u0107 (SGH) oraz Construction Surveying (University College of Estate Management). Podczas pobytu w Anglii zdoby\u0142 wiedz\u0119 w praktyce na temat procesu oraz sk\u0142adowych metodologii BIM. Cz\u0142onek RICS i aktywny dzia\u0142acz w promowaniu wiedzy na temat BIM w sektorze komercyjnym. Od 7 lat zajmuje si\u0119 aktywnie parametrycznym modelowaniem wraz z wprowadzaniem BIM do procesu budowlanego. W tym momencie zarz\u0105dz\u0105 firm\u0105 in\u017cyniersk\u0105 zajmuj\u0105c\u0105 si\u0119 wielobran\u017cowym projektowaniem przy u\u017cyciu nowych technologii.<\/p>\n<h3>mgr in\u017c. arch. Jacek Kopczewski<\/h3>\n<p>Starszy wyk\u0142adowca w Katedra Projektowania Architektonicznego, Wydzia\u0142 Architektury Politechniki Warszawskiej. Wa\u017cniejsze realizacje projektowe: Klasztor OO Kamilian\u00f3w w Burakowie k. Warszawy, 1989; rezydencja Canaletto, ul. Panie\u0144ska 7\/9, Warszawa, 1994-96; kompleks mieszkaniowo \u2013 biurowy, al. Jerozolimskie 133, Warszawa, 1997-99; kompleks mieszkaniowo \u2013 biurowy Natolin 2000; rezydencja Symfonia, ul. K\u0142opotowskiego r. Okrzei w Warszawie.<\/p>\n<h3>mgr in\u017c. arch. Krzysztof Nazar<\/h3>\n<p>Architekt i nauczyciel akademicki. Od kilku lat pracuje jako projektant i tw\u00f3rca narz\u0119dzi software\u2019owych. W ramach wsp\u00f3\u0142pracy wspiera\u0142 m.in. Joris Laarman Lab i Thorsten Franck Studio. Prowadzi\u0142 szkolenia z obs\u0142ugi Rhinoceros, Grasshoppera i programowania w C# dla Architektury Parametrycznej i Parametric Support. Poza regularnymi obowi\u0105zkami akademickimi opiekuje si\u0119 grup\u0105 ASK.code, kt\u00f3rej polem zainteresowa\u0144 jest programistyczne wsparcie procesu projektowania. Obecnie pracuje dla Object, gdzie wykorzystuje nowe technologie na r\u00f3\u017cnych polach: od rozwi\u0105za\u0144 dla startup\u00f3w zajmuj\u0105cych si\u0119 nowatorskim drukiem 3D po algorytmy usprawniaj\u0105ce projektowanie urbanistyczne.<\/p>\n<h3>mgr in\u017c. arch. Karolina Ostrowska-Wawryniuk<\/h3>\n<p>Architekt i nauczyciel akademicki na Wydziale Architektury Politechniki Warszawskiej oraz Architecture Coach w mi\u0119dzynarodowym programie AEC Global Teamwork na Stanford University. Posiada certyfikat Autodesk Revit Architecture Certified Professional. Wsp\u00f3\u0142pracuje z pracowniami architektonicznymi w Polsce i za granic\u0105. W pracy podejmuje zagadnienia komputerowego wspomagania procesu modelowania, analizy i dokumentacji BIM z wykorzystaniem programowania wizualnego. Autorka publikacji o tematyce BIM i algorytmicznego wsparcia projektowania architektury mieszkaniowej z u\u017cyciem prefabrykacji oraz zastosowania BIM w projektach nietypowych.<\/p>\n<h3>dr in\u017c. arch. Micha\u0142 Pierzchalski<\/h3>\n<p>Adiunkt w Katedrze Urbanistyki i Gospodarki Przestrzennej (Pracownia Planowania i Projektowania Wielokryterialnego), Wydzia\u0142 Architektury Politechniki Warszawskiej<\/p>\n<h3>dr in\u017c. arch. Pawe\u0142 Przyby\u0142owicz<\/h3>\n<p>Architekt i wyk\u0142adowca na Wydziale Architektury Politechniki Warszawskiej. Absolwent studi\u00f3w \u201ePodyplomowe studium zarz\u0105dzania projektami\u201c w Szkole G\u0142\u00f3wnej Handlowej. Certyfikowany manager BIM i trener GRAPHISOFT. Ekspert w zakresie wdro\u017ce\u0144 i szkole\u0144 technologii BIM. Autor wielu publikacji i wyst\u0105pie\u0144 na temat BIM. W firmie WSC zajmuje si\u0119 rozwi\u0105zaniami z zakresu analizy modeli BIM i wsp\u00f3\u0142pracy miedzybran\u017cowej OPEN BIM. Koordynator ze strony WA prac student\u00f3w z pi\u0119ciu wydzia\u0142\u00f3w PW w ramach mi\u0119dzywydzia\u0142owego projektu interdyscyplinarnego BIM (edycje mpiBIM w latach 2017-2023).<\/p>\n<h3>mgr in\u017c. arch. Jan Rubel<\/h3>\n<p>Absolwent Wydzia\u0142u Architektury Politechniki Warszawskiej (2012). Od roku 2013 zwi\u0105zany z pracowni\u0105 Kury\u0142owicz &amp; Associates Sp.z.o.o, gdzie poza prac\u0105 nad licznymi projektami jako architekt, koordynowa\u0142 wdro\u017cenie technologii BIM. Obecnie BIM manager i kierownik zespo\u0142u BIM odpowiedzialny za techniczne aspekty procesu projektowego &#8211; opracowywanie standard\u00f3w, procedur oraz metod pracy. Specjalizacja w obszarach: Revit-Dynamo-Python; Rhinoceros-Grasshopper. Od 2019 wsp\u00f3\u0142pracuje z Wydzia\u0142em Architektury PW prowadz\u0105c zaj\u0119cia dydaktyczne.<\/p>\n<h3>mgr in\u017c. Aleksander Szerner<\/h3>\n<p>Menad\u017cer ds. Digitalizacji, Inteligentnych Narz\u0119dzi Pracy oraz Cyfrowych Rozwi\u0105za\u0144 Biznesowych zwi\u0105zany z bran\u017c\u0105 drogowo-in\u017cynieryjn\u0105 od 20 lat. Uczestniczy\u0142 w realizacji najwi\u0119kszych projekt\u00f3w autostradowych w Polsce A4, A2 i A1 w firmach Atkins, NCC, Skanska, wdra\u017caj\u0105c wykorzystanie cyfrowych rozwi\u0105za\u0144 technologicznych, prace z wykorzystaniem modeli przestrzennych BIM oraz parku maszynowego sterowanego technologi\u0105 satelitarn\u0105. W 2016 roku prowadzony przez niego zesp\u00f3\u0142 w Skanska zrealizowa\u0142 kilkadziesi\u0105t projekt\u00f3w z wykorzystaniem metodyki BIM i cyfrowych rozwi\u0105za\u0144 biznesowych (wsp\u00f3\u0142tw\u00f3rca strategii Digitalizacji 2025) oraz pierwszego pilota\u017cowego projektu z obszaru IoT \u2013 Internet Rzeczy (Connected Helmet \u2013 projekt zrealizowany przy wsp\u00f3\u0142pracy z firmami Intel i Cybercom). Od 2018 prezes Stowarzyszenia BIM dla Polskiego Budownictwa.<\/p>\n<h3>arch. Maciej Szymanik<\/h3>\n<p>Architekt i specjalista ds. wdro\u017ce\u0144 i szkole\u0144 BIM. Do\u015bwiadczenie zawodowe zdobywa\u0142 w znanych warszawskich biurach architektonicznych, gdzie pracowa\u0142 nad r\u00f3\u017cnymi projektami wielobran\u017cowymi, pocz\u0105wszy od modu\u0142owej zabudowy szeregowej, przez projekty urbanistyczne i wielomieszkaniowe, po obiekty s\u0142u\u017cby zdrowia. Certyfikowany trener GRAPHISOFT i mened\u017cer BIM \u2013 w tej roli odpowiedzialny za dostosowywanie, opracowywanie i implementowanie standard\u00f3w pracy BIM w pracowniach projektowych. Du\u017c\u0105 uwag\u0119 po\u015bwi\u0119ca zagadnieniom projektowania algorytmicznego i zarz\u0105dzania informacj\u0105. Zwolennik podej\u015bcia OPEN BIM oraz daleko id\u0105cej cyfryzacji.<\/p>\n<h3>mgr in\u017c. arch. Jan Szymu\u015b<\/h3>\n<p>Absolwent Wydzia\u0142u Budownictwa i Architektury na kierunku Architektura Politechniki Lubelskiej. BIM Manager i koordynator dzia\u0142u BIM w biurze projektowym Rewitech Sp. z o.o.. Zwi\u0105zany z technologi\u0105 BIM od 2016 roku. Z sukcesami wdra\u017ca BIM b\u0119d\u0105c odpowiedzialnym mi\u0119dzy innymi za automatyzacj\u0119 proces\u00f3w projektowych i rozw\u00f3j standard\u00f3w. Jako Project Information Manager prowadzi projekty dla najbardziej wymagaj\u0105cych klient\u00f3w polskich i zagranicznych koordynuj\u0105c proces wymiany informacji.<\/p>\n<h3>mgr in\u017c. arch. Marcin \u015awierz<\/h3>\n<p>W ci\u0105gu 19 lat pracy w budownictwie ewaluowa\u0142 od roli projektanta do Project Manager\u2019a zarz\u0105dzaj\u0105cego projektami podniesienia wydajno\u015bci w budownictwie, a w szczeg\u00f3lno\u015bci implementacj\u0105 proces\u00f3w BIM. Swoje metody pracy rozwija\u0142 w czasie koordynacji technicznej projekt\u00f3w i implementacji BIM w Irlandii, Arabii Saudyjskiej, Kuwejcie, Zjednoczonych Emiratach Arabskich (np. mega projekty lotnisk w ZEA) i na Filipinach. Prowadzi\u0142 projekty implementacji BIM w biurach projektowych, firmach wykonawczych i organizacjach rz\u0105dowych b\u0119d\u0105cych inwestorem w budownictwie. Obecnie wsp\u00f3\u0142pracuje jako konsultant z biurami projektowymi i firmami budowlanymi nastawionymi na podniesienie swojej wydajno\u015bci.<\/p>\n<h3>mgr in\u017c. Artur Tomczak<\/h3>\n<p>Absolwent Wydzia\u0142u Budownictwa i In\u017cynierii \u015arodowiska Politechniki Pozna\u0144skiej. Starszy Technik BIM w firmie Buro Happold, gdzie zajmuje si\u0119 zarz\u0105dzaniem modelami BIM. W swojej pracy zawodowej korzysta z programowania wizualnego przy u\u017cyciu narz\u0119dzi Dynamo oraz Grasshopper, w celu projektowania parametrycznego oraz automatyzacji pracy. Pracowa\u0142 przy projektach takich jak Sinfonia Varsovia, Muzeum Przysz\u0142o\u015bci w Dubaju, czy stadion Bristol Arena.<\/p>\n<h3>mgr in\u017c. arch. Leszek W\u0142ochy\u0144ski<\/h3>\n<p>Architekt, Graphisoft Certified BIM Manager. Koordynowa\u0142 wdro\u017cenie BIM w firmie HOCHTIEF Polska. Posiada kilkuletnie do\u015bwiadczenie w pracy jako szkoleniowiec z zakresu technologii BIM i oprogramowania ARCHICAD, tak\u017ce jako nauczyciel akademicki na Politechnice Warszawskiej. W latach 2007-2012 pracowa\u0142 jako projektant w biurach architektonicznych wykorzystuj\u0105cych oprogramowanie BIM. Studiowa\u0142 na Wydziale In\u017cynierii L\u0105dowej PW na kierunku Budownictwo (2000-2005) i Wydziale Architektury PW na kierunku Architektura i Urbanistyka (2005-2013) \u2013 absolwent specjalno\u015bci Architecture for Society of Knowledge na WAPW (2013) zorientowanej na kszta\u0142towanie \u015brodowiska cyfrowego i wykorzystanie technologii informacyjnych w architekturze. Propagator idei OPEN\u00a0BIM, jeden z inicjator\u00f3w powo\u0142ania oddzia\u0142u buildingSmart w Polsce.<\/p>\n","protected":false},"excerpt":{"rendered":"<p>mgr in\u017c. arch. Edyta Andrejczyk Architekt z 19 letnim do\u015bwiadczeniem zawodowym m.in. jako projektant i kierownik zespo\u0142u projektowego w wielobran\u017cowym biurze projektowym realizuj\u0105cym projekty obiekt\u00f3w przemys\u0142owych, biurowych, handlowych, sportowych, s\u0142u\u017cby zdrowia, wojskowych, szkolnych, badawczych i laboratoryjnych oraz mieszkalnych. Od 2015 r. przygotowuje i nadzoruje inwestycje z ramienia inwestora. Odpowiedzialna (w latach 2016-2019) za przygotowanie nowej &hellip; <a href=\"https:\/\/www.ibim.pw.edu.pl\/?page_id=258\" class=\"more-link\">Czytaj dalej <span class=\"screen-reader-text\">Prowadz\u0105cy zaj\u0119cia na mi\u0119dzywydzia\u0142owych studiach podyplomowych iBIM<\/span> <span class=\"meta-nav\">&rarr;<\/span><\/a><\/p>\n","protected":false},"author":2,"featured_media":0,"parent":0,"menu_order":0,"comment_status":"closed","ping_status":"closed","template":"","meta":{"footnotes":""},"_links":{"self":[{"href":"https:\/\/www.ibim.pw.edu.pl\/index.php?rest_route=\/wp\/v2\/pages\/258"}],"collection":[{"href":"https:\/\/www.ibim.pw.edu.pl\/index.php?rest_route=\/wp\/v2\/pages"}],"about":[{"href":"https:\/\/www.ibim.pw.edu.pl\/index.php?rest_route=\/wp\/v2\/types\/page"}],"author":[{"embeddable":true,"href":"https:\/\/www.ibim.pw.edu.pl\/index.php?rest_route=\/wp\/v2\/users\/2"}],"replies":[{"embeddable":true,"href":"https:\/\/www.ibim.pw.edu.pl\/index.php?rest_route=%2Fwp%2Fv2%2Fcomments&post=258"}],"version-history":[{"count":28,"href":"https:\/\/www.ibim.pw.edu.pl\/index.php?rest_route=\/wp\/v2\/pages\/258\/revisions"}],"predecessor-version":[{"id":532,"href":"https:\/\/www.ibim.pw.edu.pl\/index.php?rest_route=\/wp\/v2\/pages\/258\/revisions\/532"}],"wp:attachment":[{"href":"https:\/\/www.ibim.pw.edu.pl\/index.php?rest_route=%2Fwp%2Fv2%2Fmedia&parent=258"}],"curies":[{"name":"wp","href":"https:\/\/api.w.org\/{rel}","templated":true}]}}