{"id":236,"date":"2019-02-21T12:56:03","date_gmt":"2019-02-21T11:56:03","guid":{"rendered":"https:\/\/www.ibim.pw.edu.pl\/?page_id=236"},"modified":"2020-09-29T16:35:34","modified_gmt":"2020-09-29T14:35:34","slug":"plan-studiow-rodzaje-zajec-forma-zaliczenia","status":"publish","type":"page","link":"https:\/\/www.ibim.pw.edu.pl\/?page_id=236","title":{"rendered":"Plan studi\u00f3w &#8211; rodzaje zaj\u0119\u0107, forma zaliczenia"},"content":{"rendered":"<div class=\"foogallery foogallery-container foogallery-thumbnail foogallery-single-thumbnail foogallery-lightbox-foobox fg-center fg-thumbnail fg-light fg-border-thin fg-shadow-outline fg-loading-default fg-loaded-fade-in fg-caption-hover fg-hover-fade fg-hover-zoom fg-ready\" id=\"foogallery-gallery-237\" data-foogallery=\"{&quot;item&quot;:{&quot;showCaptionTitle&quot;:true,&quot;showCaptionDescription&quot;:true},&quot;lazy&quot;:true}\" >\r\n    <div class=\"fg-item fg-type-image fg-idle\"><figure class=\"fg-item-inner\"><a href=\"https:\/\/www.ibim.pw.edu.pl\/wp-content\/uploads\/2019\/02\/SP_iBIM_Plan-zajec_Forma-zaliczenia-1.png\" data-attachment-id=\"425\" rel=\"lightbox[237]\" class=\"fg-thumb\"><span class=\"fg-image-wrap\"><img fetchpriority=\"high\" decoding=\"async\" width=\"620\" height=\"400\" class=\"skip-lazy fg-image\" data-src-fg=\"https:\/\/www.ibim.pw.edu.pl\/wp-content\/uploads\/cache\/2019\/02\/SP_iBIM_Plan-zajec_Forma-zaliczenia-1\/1606867333.png\" src=\"data:image\/svg+xml,%3Csvg%20xmlns%3D%22http%3A%2F%2Fwww.w3.org%2F2000%2Fsvg%22%20width%3D%22620%22%20height%3D%22400%22%20viewBox%3D%220%200%20620%20400%22%3E%3C%2Fsvg%3E\" loading=\"eager\"><\/span><span class=\"fg-image-overlay\"><\/span><\/a><figcaption class=\"fg-caption\"><div class=\"fg-caption-inner\"><\/div><\/figcaption><\/figure><div class=\"fg-loader\"><\/div><\/div>    <div class=\"fg-st-hidden\">\r\n        <\/div>\r\n<\/div>\r\n\n<p>&nbsp;<\/p>\n<p><a href=\"https:\/\/www.ibim.pw.edu.pl\/wp-content\/uploads\/2019\/02\/SP_iBIM_Plan-zajec_Forma-zaliczenia-1.pdf\">Link do pobrania planu studi\u00f3w w wersji pdf &#8230;<\/a><\/p>\n","protected":false},"excerpt":{"rendered":"<p>&nbsp; Link do pobrania planu studi\u00f3w w wersji pdf &#8230;<\/p>\n","protected":false},"author":2,"featured_media":0,"parent":0,"menu_order":0,"comment_status":"closed","ping_status":"closed","template":"","meta":{"footnotes":""},"_links":{"self":[{"href":"https:\/\/www.ibim.pw.edu.pl\/index.php?rest_route=\/wp\/v2\/pages\/236"}],"collection":[{"href":"https:\/\/www.ibim.pw.edu.pl\/index.php?rest_route=\/wp\/v2\/pages"}],"about":[{"href":"https:\/\/www.ibim.pw.edu.pl\/index.php?rest_route=\/wp\/v2\/types\/page"}],"author":[{"embeddable":true,"href":"https:\/\/www.ibim.pw.edu.pl\/index.php?rest_route=\/wp\/v2\/users\/2"}],"replies":[{"embeddable":true,"href":"https:\/\/www.ibim.pw.edu.pl\/index.php?rest_route=%2Fwp%2Fv2%2Fcomments&post=236"}],"version-history":[{"count":6,"href":"https:\/\/www.ibim.pw.edu.pl\/index.php?rest_route=\/wp\/v2\/pages\/236\/revisions"}],"predecessor-version":[{"id":427,"href":"https:\/\/www.ibim.pw.edu.pl\/index.php?rest_route=\/wp\/v2\/pages\/236\/revisions\/427"}],"wp:attachment":[{"href":"https:\/\/www.ibim.pw.edu.pl\/index.php?rest_route=%2Fwp%2Fv2%2Fmedia&parent=236"}],"curies":[{"name":"wp","href":"https:\/\/api.w.org\/{rel}","templated":true}]}}