{"id":2,"date":"2018-08-10T16:41:17","date_gmt":"2018-08-10T14:41:17","guid":{"rendered":"http:\/\/www.ibim.pw.edu.pl\/?page_id=2"},"modified":"2024-08-22T12:57:57","modified_gmt":"2024-08-22T10:57:57","slug":"przykladowa-strona","status":"publish","type":"page","link":"https:\/\/www.ibim.pw.edu.pl\/?page_id=2","title":{"rendered":"Cele i korzy\u015bci"},"content":{"rendered":"<p>Specyfik\u0105 BIM jest mo\u017cliwo\u015b\u0107 indywidualnego okre\u015blania cel\u00f3w w zale\u017cno\u015bci od bran\u017cy i oczekiwanych korzy\u015bci. Zagadnienia uj\u0119te w programie studi\u00f3w umo\u017cliwiaj\u0105 szerokie i przekrojowe zapoznanie si\u0119 z tematyk\u0105 BIM i wykorzystanie uzyskanej wiedzy w kszta\u0142towaniu i modernizacji w\u0142asnego warsztatu pracy.<\/p>\n<h3><span style=\"font-size: revert;\">Celem studi\u00f3w podyplomowych jest przygotowanie s\u0142uchaczy do:<\/span><\/h3>\n<ul>\n<li>Systematycznego i sta\u0142ego podnoszenia swoich kwalifikacji w zakresie stosowania technologii BIM oraz stworzenia warunk\u00f3w dobrej i efektywnej wsp\u00f3\u0142pracy z wszystkimi uczestnikami procesu inwestycyjnego.<\/li>\n<li>Dbania o jako\u015b\u0107 pracy, planowanego i starannego koordynowania prac na modelem BIM ze stronami zewn\u0119trznymi, takimi jak inwestor, projektanci, wykonawcy i dostawcy.<\/li>\n<\/ul>\n<h3>Uczestnicy zdob\u0119d\u0105 wiedz\u0119 i umiej\u0119tno\u015bci w zakresie:<\/h3>\n<ul>\n<li>Efektywnej wsp\u00f3\u0142pracy w wielobran\u017cowych zespo\u0142ach i sprawnego stosowania narz\u0119dzi i technik BIM wspomagaj\u0105cych projektowanie, koordynacj\u0119 i realizacj\u0119 budowy.<\/li>\n<li>Wykorzystania popularnych system\u00f3w do modelowania architektury, konstrukcji i instalacji \u2013 tak\u017ce przy pomocy programowania wizualnego.<\/li>\n<li>Poprawnego tworzenia modeli BIM, kt\u00f3re pozytywnie przesz\u0142y test kolizji i zosta\u0142y prawid\u0142owo skoordynowane ze wszystkimi stronami procesu projektowo-wykonawczego.<\/li>\n<li>Definiowania, planowania i organizacji procesu inwestycyjnego przy wykorzystaniu technologii BIM z zastosowaniem wymaganej dokumentacji i proces\u00f3w wzorcowych dla BIM.<\/li>\n<\/ul>\n","protected":false},"excerpt":{"rendered":"<p>Specyfik\u0105 BIM jest mo\u017cliwo\u015b\u0107 indywidualnego okre\u015blania cel\u00f3w w zale\u017cno\u015bci od bran\u017cy i oczekiwanych korzy\u015bci. Zagadnienia uj\u0119te w programie studi\u00f3w umo\u017cliwiaj\u0105 szerokie i przekrojowe zapoznanie si\u0119 z tematyk\u0105 BIM i wykorzystanie uzyskanej wiedzy w kszta\u0142towaniu i modernizacji w\u0142asnego warsztatu pracy. Celem studi\u00f3w podyplomowych jest przygotowanie s\u0142uchaczy do: Systematycznego i sta\u0142ego podnoszenia swoich kwalifikacji w zakresie stosowania &hellip; <a href=\"https:\/\/www.ibim.pw.edu.pl\/?page_id=2\" class=\"more-link\">Czytaj dalej <span class=\"screen-reader-text\">Cele i korzy\u015bci<\/span> <span class=\"meta-nav\">&rarr;<\/span><\/a><\/p>\n","protected":false},"author":1,"featured_media":0,"parent":0,"menu_order":0,"comment_status":"closed","ping_status":"open","template":"","meta":{"footnotes":""},"_links":{"self":[{"href":"https:\/\/www.ibim.pw.edu.pl\/index.php?rest_route=\/wp\/v2\/pages\/2"}],"collection":[{"href":"https:\/\/www.ibim.pw.edu.pl\/index.php?rest_route=\/wp\/v2\/pages"}],"about":[{"href":"https:\/\/www.ibim.pw.edu.pl\/index.php?rest_route=\/wp\/v2\/types\/page"}],"author":[{"embeddable":true,"href":"https:\/\/www.ibim.pw.edu.pl\/index.php?rest_route=\/wp\/v2\/users\/1"}],"replies":[{"embeddable":true,"href":"https:\/\/www.ibim.pw.edu.pl\/index.php?rest_route=%2Fwp%2Fv2%2Fcomments&post=2"}],"version-history":[{"count":6,"href":"https:\/\/www.ibim.pw.edu.pl\/index.php?rest_route=\/wp\/v2\/pages\/2\/revisions"}],"predecessor-version":[{"id":527,"href":"https:\/\/www.ibim.pw.edu.pl\/index.php?rest_route=\/wp\/v2\/pages\/2\/revisions\/527"}],"wp:attachment":[{"href":"https:\/\/www.ibim.pw.edu.pl\/index.php?rest_route=%2Fwp%2Fv2%2Fmedia&parent=2"}],"curies":[{"name":"wp","href":"https:\/\/api.w.org\/{rel}","templated":true}]}}