{"id":17,"date":"2018-08-10T17:00:21","date_gmt":"2018-08-10T15:00:21","guid":{"rendered":"http:\/\/www.ibim.pw.edu.pl\/?page_id=17"},"modified":"2019-03-04T12:58:11","modified_gmt":"2019-03-04T11:58:11","slug":"program-studiow","status":"publish","type":"page","link":"https:\/\/www.ibim.pw.edu.pl\/?page_id=17","title":{"rendered":"Program studi\u00f3w S"},"content":{"rendered":"<p>Zaj\u0119cia prowadzone b\u0119d\u0105 na Wydziale In\u017cynierii L\u0105dowej \u2028i Wydziale Architektury Politechniki Warszawskiej \u2028w systemie zaocznym, w dw\u00f3ch semestrach, 16 dwudniowych zjazd\u00f3w w soboty i niedziele \u2013 \u0142\u0105cznie 256 godzin dydaktycznych.<\/p>\n<p><a href=\"https:\/\/www.ibim.pw.edu.pl\/?page_id=129\">Prosimy o zapoznanie si\u0119 z ramowym harmonogramem studi\u00f3w &#8230;<\/a><\/p>\n<p><a href=\"https:\/\/www.ibim.pw.edu.pl\/?page_id=236\">Plan studi\u00f3w &#8211; rodzaje zaj\u0119\u0107, forma zaliczenia &#8230;<\/a><\/p>\n<h2>Semestr 1<\/h2>\n<h3><strong>BIM w teorii i w praktyce &#8211; wyk\u0142ady 16h<\/strong><\/h3>\n<ul>\n<li>Celem przedmiotu jest przekazanie podstawowej wiedzy na temat technologii BIM, teorii, narz\u0119dzi, proces\u00f3w oraz praktycznych zastosowa\u0144.<\/li>\n<li>Wst\u0119p do BIM. Definicje i poziomy rozwoju BIM. Wirtualny modele BIM jako informacyjna baza danych.<\/li>\n<li>Tworzenie i wykorzystanie modeli BIM w projektowaniu i budowie.<\/li>\n<li>Zagadnienia formalno-prawne<\/li>\n<\/ul>\n<h3><strong>Koordynacja mi\u0119dzybran\u017cowa &#8211; lab. komp. 16h<\/strong><\/h3>\n<ul>\n<li>Cele i uwarunkowania koordynacji mi\u0119dzybran\u017cowej<\/li>\n<li>Narz\u0119dzia i metody koordynacji mi\u0119dzybran\u017cowej &#8211; OpenBIM \u2013 standardy, specyfikacje i przyk\u0142ady wykorzystania.<\/li>\n<\/ul>\n<h3><strong>Modelowanie BIM 3D &#8211; lab. komp. 2 x 24h<\/strong><\/h3>\n<ul>\n<li>Celem przedmiotu jest nabycie przez s\u0142uchaczy umiej\u0119tno\u015bci w zakresie parametrycznego modelowanie 3D+ w programie Autodesk Revit i Graphisoft ARCHICAD.<\/li>\n<li>W zale\u017cno\u015bci od poziomu znajomo\u015bci oprogramowanie s\u0142uchacze zostan\u0105 podzielnie na grup\u0119: pocz\u0105tkuj\u0105ca i zaawansowan\u0105.<\/li>\n<\/ul>\n<h3><strong>Programowanie wizualne &#8211; lab. komp. 2 x 24h<\/strong><\/h3>\n<ul>\n<li>Celem przedmiotu jest nabycie przez s\u0142uchaczy umiej\u0119tno\u015bci w zakresie programowania wizualnego w ramach oprogramowania Dynamo i Autodesk Revit, (Robot Structural Analysis &#8211; dla zainteresowanych) oraz Grasshopper i ARCHICAD.<\/li>\n<li>Graficzne interfejsy programowania pozwalaj\u0105 na tworzenie skrypt\u00f3w wizualnych i automatyzacj\u0119 wielu proces\u00f3w modelowania i analizy modeli BIM.<\/li>\n<\/ul>\n<h2>Semestr 2<\/h2>\n<h3><strong>Przep\u0142yw informacji mi\u0119dzy uczestnikami proces BIM &#8211; lab. komp. 24h<\/strong><\/h3>\n<ul>\n<li>Interoperacyjno\u015b\u0107 w BIM i CAD<\/li>\n<li>Wsp\u00f3\u0142praca grupowa.<\/li>\n<li>Poziomy zaawansowania modeli i optymalne zasady przep\u0142ywu informacji.<\/li>\n<li>\u015arodowisko wsp\u00f3\u0142dzielenia danych CDE<\/li>\n<li>Mened\u017cer informacji.<\/li>\n<\/ul>\n<h3><strong>Narz\u0119dzia analiz bran\u017cowych &#8211; lab. komp. 24h<\/strong><\/h3>\n<ul>\n<li>Wst\u0119p do Revit MPE.<\/li>\n<li>Wst\u0119p do Revit Structure.<\/li>\n<li>Modele analityczne versus model arch.-bud.<\/li>\n<li>Ocena energetyczna budynku EcoDesigner \/ EcoDesigner STAR<\/li>\n<\/ul>\n<h3><strong>Praktyczna realizacja inwestycji w technologii BIM &#8211; wyk\u0142ady 8h \/ \u0107wiczenia 8h<\/strong><\/h3>\n<ul>\n<li>Uwarunkowania formalno-prawne<\/li>\n<li>Dokumentacja procesu BIM<\/li>\n<li>Role, odpowiedzialno\u015b\u0107, ryzyko<\/li>\n<li>Cyfrowy plac budowy<\/li>\n<li>Praktyczna realizacja inwestycji &#8211; do\u015bwiadczenia z innych kraj\u00f3w.<\/li>\n<\/ul>\n<h3><strong>Zarz\u0105dzaniem projektami i procesami BIM &#8211; wyk\u0142ady 8h \/ \u0107wiczenia 8h<\/strong><\/h3>\n<ul>\n<li>Podstawy zarz\u0105dzania projektami.<\/li>\n<li>Inicjowanie i definiowanie projektu.<\/li>\n<li>Planowanie i techniki sieciowe.<\/li>\n<li>Analiza ryzyka.<\/li>\n<li>Harmonogramy i wizualizacja procesu realizacji.<\/li>\n<li>Zestawienia, przedmiary i kosztorysowanie w BIM.<\/li>\n<li>Analizy kosztowe z wykorzystaniem BIM.<\/li>\n<li>Zarz\u0105dzanie budow\u0105 z wykorzystaniem BIM.<\/li>\n<li>Eksploatacja obiektu i rozbi\u00f3rka z wykorzystaniem BIM.<\/li>\n<\/ul>\n<h3><strong>Mi\u0119dzybran\u017cowy projekt BIM &#8211; \u0107wiczenia 24h \/ lab. komp. 24h<\/strong><\/h3>\n<ul>\n<li>Celem przedmiotu jest praktyczna nauka narz\u0119dzi i techniki BIM. S\u0142uchacze zostan\u0105 podzielni na zespo\u0142y projektowe (5-7 os\u00f3b). Ka\u017cdy zesp\u00f3\u0142 przygotuje jeden projekt arch. -konstr.-inst., przy czym stopie\u0144 uszczeg\u00f3\u0142owienia zada\u0144 zostanie dostosowany do stopnia zaawansowania cz\u0142onk\u00f3w zespo\u0142u.<\/li>\n<\/ul>\n","protected":false},"excerpt":{"rendered":"<p>Zaj\u0119cia prowadzone b\u0119d\u0105 na Wydziale In\u017cynierii L\u0105dowej \u2028i Wydziale Architektury Politechniki Warszawskiej \u2028w systemie zaocznym, w dw\u00f3ch semestrach, 16 dwudniowych zjazd\u00f3w w soboty i niedziele \u2013 \u0142\u0105cznie 256 godzin dydaktycznych. Prosimy o zapoznanie si\u0119 z ramowym harmonogramem studi\u00f3w &#8230; Plan studi\u00f3w &#8211; rodzaje zaj\u0119\u0107, forma zaliczenia &#8230; Semestr 1 BIM w teorii i w praktyce &hellip; <a href=\"https:\/\/www.ibim.pw.edu.pl\/?page_id=17\" class=\"more-link\">Czytaj dalej <span class=\"screen-reader-text\">Program studi\u00f3w S<\/span> <span class=\"meta-nav\">&rarr;<\/span><\/a><\/p>\n","protected":false},"author":1,"featured_media":0,"parent":0,"menu_order":0,"comment_status":"closed","ping_status":"closed","template":"","meta":{"footnotes":""},"_links":{"self":[{"href":"https:\/\/www.ibim.pw.edu.pl\/index.php?rest_route=\/wp\/v2\/pages\/17"}],"collection":[{"href":"https:\/\/www.ibim.pw.edu.pl\/index.php?rest_route=\/wp\/v2\/pages"}],"about":[{"href":"https:\/\/www.ibim.pw.edu.pl\/index.php?rest_route=\/wp\/v2\/types\/page"}],"author":[{"embeddable":true,"href":"https:\/\/www.ibim.pw.edu.pl\/index.php?rest_route=\/wp\/v2\/users\/1"}],"replies":[{"embeddable":true,"href":"https:\/\/www.ibim.pw.edu.pl\/index.php?rest_route=%2Fwp%2Fv2%2Fcomments&post=17"}],"version-history":[{"count":21,"href":"https:\/\/www.ibim.pw.edu.pl\/index.php?rest_route=\/wp\/v2\/pages\/17\/revisions"}],"predecessor-version":[{"id":279,"href":"https:\/\/www.ibim.pw.edu.pl\/index.php?rest_route=\/wp\/v2\/pages\/17\/revisions\/279"}],"wp:attachment":[{"href":"https:\/\/www.ibim.pw.edu.pl\/index.php?rest_route=%2Fwp%2Fv2%2Fmedia&parent=17"}],"curies":[{"name":"wp","href":"https:\/\/api.w.org\/{rel}","templated":true}]}}