{"id":129,"date":"2018-09-28T14:12:06","date_gmt":"2018-09-28T12:12:06","guid":{"rendered":"http:\/\/www.ibim.pw.edu.pl\/?page_id=129"},"modified":"2025-07-08T13:24:32","modified_gmt":"2025-07-08T11:24:32","slug":"ramowy-harmonogram-studiow","status":"publish","type":"page","link":"https:\/\/www.ibim.pw.edu.pl\/?page_id=129","title":{"rendered":"Harmonogram zjazd\u00f3w"},"content":{"rendered":"<p>Zaj\u0119cia odbywaj\u0105 si\u0119 na Wydziale In\u017cynierii L\u0105dowej \u2028i Wydziale Architektury Politechniki Warszawskiej \u2028w systemie zaocznym, w dw\u00f3ch semestrach, 16 dwudniowych zjazd\u00f3w w soboty i niedziele \u2013 \u0142\u0105cznie 256 godzin dydaktycznych.<\/p>\n<p><a href=\"https:\/\/www.ibim.pw.edu.pl\/?page_id=192\">Program i plan zaj\u0119\u0107<\/a><\/p>\n<h3>Terminy zjazd\u00f3w &#8211; iBIM edycja 8<\/h3>\n<ul>\n<li>zjazd 1 \/ 4-5 pa\u017adziernika 2025<\/li>\n<li>zjazd 2 \/ 18-19 pa\u017adziernika 2025<\/li>\n<li>zjazd 3 \/ 25-26 pa\u017adziernika 2025<\/li>\n<li>zjazd 4 \/ 15-16 listopada 2025<\/li>\n<li>zjazd 5 \/ 29-30 listopada 2025<\/li>\n<li>zjazd 6 \/ 13-14 grudnia 2025<\/li>\n<li>zjazd 7 \/ 10-11 stycznia 2026<\/li>\n<li>zjazd 8 \/ 24-25 stycznia 2026<\/li>\n<li>zjazd 9 \/ 28 lutego &#8211; 1 marca 2026<\/li>\n<li>zjazd 10 \/ 14-15 marca 2026<\/li>\n<li>zjazd 11 \/ 28-29 marca 2026<\/li>\n<li>zjazd 12 \/ 11-12 kwietnia 2026<\/li>\n<li>zjazd 13 \/ 25-26 kwietnia 2026<\/li>\n<li>zjazd 14 \/ 16-17 maja 2026<\/li>\n<li>zjazd 15 \/ 30-31 maja 2026<\/li>\n<li>zjazd 16 \/ 13-14 czerwca 2026<\/li>\n<\/ul>\n<p><strong>Zaj\u0119cia w godz. 9:15-16:45 w soboty i w niedziele.<\/strong><\/p>\n<p>Indywidualny egzamin ko\u0144cowy i obrona zespo\u0142owej pracy dyplomowej<br \/>\nwe wrze\u015bniu 2026 r.<\/p>\n<p>Opr\u00f3cz zjazd\u00f3w z zaj\u0119ciami nale\u017cy przewidzie\u0107 obecno\u015b\u0107 na egzaminach,<br \/>\nw terminach uzgodnionych ze studentami.<\/p>\n<p><span style=\"color: #ffffff;\"><strong>Wkr\u00f3tce Szczeg\u00f3\u0142owy plan zaj\u0119\u0107 <\/strong>do pobrania w wersji <a style=\"color: #ffffff;\" href=\"https:\/\/www.ibim.pw.edu.pl\/wp-content\/uploads\/2021\/08\/20210817_msp-iBIM_Harmonogram-zjazdow-edycja_4.pdf\">pdf &#8211; tutaj ..<\/a><\/span><\/p>\n<p><em>Poszczeg\u00f3lne terminy mog\u0105 ulec zmianie.<\/em><\/p>\n","protected":false},"excerpt":{"rendered":"<p>Zaj\u0119cia odbywaj\u0105 si\u0119 na Wydziale In\u017cynierii L\u0105dowej \u2028i Wydziale Architektury Politechniki Warszawskiej \u2028w systemie zaocznym, w dw\u00f3ch semestrach, 16 dwudniowych zjazd\u00f3w w soboty i niedziele \u2013 \u0142\u0105cznie 256 godzin dydaktycznych. Program i plan zaj\u0119\u0107 Terminy zjazd\u00f3w &#8211; iBIM edycja 8 zjazd 1 \/ 4-5 pa\u017adziernika 2025 zjazd 2 \/ 18-19 pa\u017adziernika 2025 zjazd 3 \/ &hellip; <a href=\"https:\/\/www.ibim.pw.edu.pl\/?page_id=129\" class=\"more-link\">Czytaj dalej <span class=\"screen-reader-text\">Harmonogram zjazd\u00f3w<\/span> <span class=\"meta-nav\">&rarr;<\/span><\/a><\/p>\n","protected":false},"author":3,"featured_media":0,"parent":0,"menu_order":0,"comment_status":"closed","ping_status":"closed","template":"","meta":{"footnotes":""},"_links":{"self":[{"href":"https:\/\/www.ibim.pw.edu.pl\/index.php?rest_route=\/wp\/v2\/pages\/129"}],"collection":[{"href":"https:\/\/www.ibim.pw.edu.pl\/index.php?rest_route=\/wp\/v2\/pages"}],"about":[{"href":"https:\/\/www.ibim.pw.edu.pl\/index.php?rest_route=\/wp\/v2\/types\/page"}],"author":[{"embeddable":true,"href":"https:\/\/www.ibim.pw.edu.pl\/index.php?rest_route=\/wp\/v2\/users\/3"}],"replies":[{"embeddable":true,"href":"https:\/\/www.ibim.pw.edu.pl\/index.php?rest_route=%2Fwp%2Fv2%2Fcomments&post=129"}],"version-history":[{"count":50,"href":"https:\/\/www.ibim.pw.edu.pl\/index.php?rest_route=\/wp\/v2\/pages\/129\/revisions"}],"predecessor-version":[{"id":545,"href":"https:\/\/www.ibim.pw.edu.pl\/index.php?rest_route=\/wp\/v2\/pages\/129\/revisions\/545"}],"wp:attachment":[{"href":"https:\/\/www.ibim.pw.edu.pl\/index.php?rest_route=%2Fwp%2Fv2%2Fmedia&parent=129"}],"curies":[{"name":"wp","href":"https:\/\/api.w.org\/{rel}","templated":true}]}}